{"id":413,"date":"2012-09-23T18:00:28","date_gmt":"2012-09-23T18:00:28","guid":{"rendered":"http:\/\/splendid-things.co.uk\/getrunning\/?page_id=413"},"modified":"2013-03-04T13:45:35","modified_gmt":"2013-03-04T13:45:35","slug":"support","status":"publish","type":"page","link":"https:\/\/splendid-things.co.uk\/getrunning\/support\/","title":{"rendered":"Support"},"content":{"rendered":"<div class=\"row\">\n<div class=\"span8\">\n<p class=\"lead\">Wir sind Splendid Things und wir machen grossartige iPhone Apps. Eines Tages wirst du vielleicht unsere Hilfe ben\u00f6tigen und das ist super, denn daf\u00fcr sind wir da.<\/p>\n<h2><strong>Get Satisfaction<\/strong><\/h2>\n<p><img loading=\"lazy\" decoding=\"async\" class=\"alignright\" src=\"http:\/\/getsatisfaction.com\/images\/badges\/badge_get_help.png\" alt=\"\" width=\"200\" height=\"68\" \/><\/p>\n<p>Der Support f\u00fcr alle unsere Produkte, Get Running eingeschlossen, erfolgt \u00fcber den<a href=\"http:\/\/getsatisfaction.com\/splendid_things\/products\/splendid_things_get_running\"> Splendid Things Bereich auf Get Satisfaction<\/a>.<\/p>\n<p>Get Satisfaction ist der perfekte Ort f\u00fcr den Support. Das Splendid Things Team ist dort jederzeit bereit, dir bei jeglichen Problemen zu helfen. Auch andere Get Running Nutzer k\u00f6nnen sich einklinken und dir eventuell behilflich sein. Vielleicht gibt es auch bereits schon eine Antwort auf deine Frage!<\/p>\n<p><a href=\"http:\/\/getsatisfaction.com\/splendid_things\/products\/splendid_things_get_running\">Besuche jetzt Get Satisfaction<\/a>.<\/p>\n<h2>\u00a0<strong>Mail<\/strong><\/h2>\n<p>Als Alternative kannst du uns auch jederzeit eine Email schicken. Wir antworten dir so schnell wie m\u00f6glich.<\/p>\n<\/div>\n<div class=\"span4\"><img loading=\"lazy\" decoding=\"async\" src=\"https:\/\/splendid-things.co.uk\/getrunning\/wp-content\/themes\/getrunning\/img\/lifering.jpg\" alt=\"Life ring\" class=\"hidden-phone pull-right\" style=\"margin-left: 20px\" width=\"300\" height=\"300\" \/><\/div>\n<\/div>\n","protected":false},"excerpt":{"rendered":"<p>Wir sind Splendid Things und wir machen grossartige iPhone Apps. Eines Tages wirst du vielleicht unsere Hilfe ben\u00f6tigen und das ist super, denn daf\u00fcr sind wir da. Get Satisfaction Der Support f\u00fcr alle unsere Produkte, Get Running eingeschlossen, erfolgt \u00fcber den Splendid Things Bereich auf Get Satisfaction. Get Satisfaction ist der perfekte Ort f\u00fcr den [&hellip;]<\/p>\n","protected":false},"author":4,"featured_media":0,"parent":0,"menu_order":0,"comment_status":"closed","ping_status":"closed","template":"","meta":{"ngg_post_thumbnail":0,"footnotes":""},"class_list":["post-413","page","type-page","status-publish","hentry"],"_links":{"self":[{"href":"https:\/\/splendid-things.co.uk\/getrunning\/wp-json\/wp\/v2\/pages\/413","targetHints":{"allow":["GET"]}}],"collection":[{"href":"https:\/\/splendid-things.co.uk\/getrunning\/wp-json\/wp\/v2\/pages"}],"about":[{"href":"https:\/\/splendid-things.co.uk\/getrunning\/wp-json\/wp\/v2\/types\/page"}],"author":[{"embeddable":true,"href":"https:\/\/splendid-things.co.uk\/getrunning\/wp-json\/wp\/v2\/users\/4"}],"replies":[{"embeddable":true,"href":"https:\/\/splendid-things.co.uk\/getrunning\/wp-json\/wp\/v2\/comments?post=413"}],"version-history":[{"count":4,"href":"https:\/\/splendid-things.co.uk\/getrunning\/wp-json\/wp\/v2\/pages\/413\/revisions"}],"predecessor-version":[{"id":512,"href":"https:\/\/splendid-things.co.uk\/getrunning\/wp-json\/wp\/v2\/pages\/413\/revisions\/512"}],"wp:attachment":[{"href":"https:\/\/splendid-things.co.uk\/getrunning\/wp-json\/wp\/v2\/media?parent=413"}],"curies":[{"name":"wp","href":"https:\/\/api.w.org\/{rel}","templated":true}]}}